{"id":257195,"date":"2024-01-12T17:21:31","date_gmt":"2024-01-12T16:21:31","guid":{"rendered":"https:\/\/vizja.pl\/en\/?page_id=257195"},"modified":"2026-01-30T13:13:53","modified_gmt":"2026-01-30T12:13:53","slug":"sjo","status":"publish","type":"page","link":"https:\/\/vizja.pl\/en\/sjo\/","title":{"rendered":"Foreign Languages Department"},"content":{"rendered":"<p>1. Odbi\u00f3r certyfikat\u00f3w (w godz. urz\u0119dowania Biura Obs\u0142ugi Student\u00f3w) Certyfikaty mo\u017cna odbiera\u0107 w Dziale Dokumentacji\/Biurze Obs\u0142ugi Studenta po wcze\u015bniejszym um\u00f3wieniu si\u0119 na wizyt\u0119. 2. Sprawy indywidualne:\u00a0<a href=\"mailto:m.klepacz@vizja.pl\">m.klepacz@vizja.pl<\/a> 3. Organizacja lektorat\u00f3w na rok akademicki 2023\/2024 zosta\u0142a Pa\u0144stwu przedstawiona w systemie Extranet. 4. Zapisy na egzaminy Cambridge:\u00a0<a href=\"http:\/\/zapisy.sjo.vizja.pl\/\" target=\"_blank\" rel=\"noopener\">zapisy.sjo.vizja.pl<\/a> 5. Zapisy na egzaminy WEK, poprawkowe, warunkowe:\u00a0<a href=\"http:\/\/egzaminy.sjo.vizja.pl\/\" target=\"_blank\" rel=\"noopener\">egzaminy.sjo.vizja.pl<\/a> ZAKRES MATERIA\u0141U &#8211; WEWN\u0118TRZNY EGZAMIN KO\u0143COWY (WEK) 6. <a href=\"http:\/\/sjo.vizja.pl\/Lista_uznawalnych_certyfikatow.pdf\" target=\"_blank\" rel=\"noopener\">Lista certyfikat\u00f3w uznawalnych przez AEH<\/a><\/p>\n","protected":false},"excerpt":{"rendered":"<p>1. Odbi\u00f3r certyfikat\u00f3w (w godz. urz\u0119dowania Biura Obs\u0142ugi Student\u00f3w) Certyfikaty mo\u017cna odbiera\u0107 w Dziale Dokumentacji\/Biurze Obs\u0142ugi Studenta po wcze\u015bniejszym um\u00f3wieniu si\u0119 na wizyt\u0119. 2. Sprawy indywidualne:\u00a0m.klepacz@vizja.pl 3. Organizacja lektorat\u00f3w na rok akademicki 2023\/2024 zosta\u0142a Pa\u0144stwu przedstawiona w systemie Extranet. 4. Zapisy na egzaminy Cambridge:\u00a0zapisy.sjo.vizja.pl 5. Zapisy na egzaminy WEK, poprawkowe, warunkowe:\u00a0egzaminy.sjo.vizja.pl ZAKRES MATERIA\u0141U &#8211; WEWN\u0118TRZNY [&hellip;]<\/p>\n","protected":false},"author":42,"featured_media":0,"parent":0,"menu_order":0,"comment_status":"closed","ping_status":"closed","template":"page-sjo.php","meta":{"_acf_changed":false,"_et_pb_use_builder":"off","_et_pb_old_content":"","_et_gb_content_width":"","footnotes":""},"yoast_head":"<!-- This site is optimized with the Yoast SEO plugin v23.3 - https:\/\/yoast.com\/wordpress\/plugins\/seo\/ -->\n<title>VIZJA University in Warsaw<\/title>\n<meta name=\"robots\" content=\"index, follow, max-snippet:-1, max-image-preview:large, max-video-preview:-1\" \/>\n<link rel=\"canonical\" href=\"https:\/\/vizja.pl\/en\/sjo\/\" \/>\n<meta property=\"og:locale\" content=\"en_GB\" \/>\n<meta property=\"og:type\" content=\"article\" \/>\n<meta property=\"og:title\" content=\"Foreign Languages Department - VIZJA University in Warsaw\" \/>\n<meta property=\"og:description\" content=\"1. Odbi\u00f3r certyfikat\u00f3w (w godz. urz\u0119dowania Biura Obs\u0142ugi Student\u00f3w) Certyfikaty mo\u017cna odbiera\u0107 w Dziale Dokumentacji\/Biurze Obs\u0142ugi Studenta po wcze\u015bniejszym um\u00f3wieniu si\u0119 na wizyt\u0119. 2. Sprawy indywidualne:\u00a0m.klepacz@vizja.pl 3. Organizacja lektorat\u00f3w na rok akademicki 2023\/2024 zosta\u0142a Pa\u0144stwu przedstawiona w systemie Extranet. 4. Zapisy na egzaminy Cambridge:\u00a0zapisy.sjo.vizja.pl 5. Zapisy na egzaminy WEK, poprawkowe, warunkowe:\u00a0egzaminy.sjo.vizja.pl ZAKRES MATERIA\u0141U &#8211; WEWN\u0118TRZNY [&hellip;]\" \/>\n<meta property=\"og:url\" content=\"https:\/\/vizja.pl\/en\/sjo\/\" \/>\n<meta property=\"og:site_name\" content=\"VIZJA University in Warsaw\" \/>\n<meta property=\"article:modified_time\" content=\"2026-01-30T12:13:53+00:00\" \/>\n<meta name=\"twitter:card\" content=\"summary_large_image\" \/>\n<meta name=\"twitter:label1\" content=\"Estimated reading time\" \/>\n\t<meta name=\"twitter:data1\" content=\"1 minute\" \/>\n<script type=\"application\/ld+json\" class=\"yoast-schema-graph\">{\"@context\":\"https:\/\/schema.org\",\"@graph\":[{\"@type\":\"WebPage\",\"@id\":\"https:\/\/vizja.pl\/en\/sjo\/\",\"url\":\"https:\/\/vizja.pl\/en\/sjo\/\",\"name\":\"Foreign Languages Department - VIZJA University in Warsaw\",\"isPartOf\":{\"@id\":\"https:\/\/vizja.pl\/en\/#website\"},\"datePublished\":\"2024-01-12T16:21:31+00:00\",\"dateModified\":\"2026-01-30T12:13:53+00:00\",\"breadcrumb\":{\"@id\":\"https:\/\/vizja.pl\/en\/sjo\/#breadcrumb\"},\"inLanguage\":\"en-GB\",\"potentialAction\":[{\"@type\":\"ReadAction\",\"target\":[\"https:\/\/vizja.pl\/en\/sjo\/\"]}]},{\"@type\":\"BreadcrumbList\",\"@id\":\"https:\/\/vizja.pl\/en\/sjo\/#breadcrumb\",\"itemListElement\":[{\"@type\":\"ListItem\",\"position\":1,\"name\":\"Strona g\u0142\u00f3wna\",\"item\":\"https:\/\/vizja.pl\/en\/\"},{\"@type\":\"ListItem\",\"position\":2,\"name\":\"Foreign Languages Department\"}]},{\"@type\":\"WebSite\",\"@id\":\"https:\/\/vizja.pl\/en\/#website\",\"url\":\"https:\/\/vizja.pl\/en\/\",\"name\":\"VIZJA University in Warsaw\",\"description\":\"\",\"potentialAction\":[{\"@type\":\"SearchAction\",\"target\":{\"@type\":\"EntryPoint\",\"urlTemplate\":\"https:\/\/vizja.pl\/en\/?s={search_term_string}\"},\"query-input\":\"required name=search_term_string\"}],\"inLanguage\":\"en-GB\"}]}<\/script>\n<!-- \/ Yoast SEO plugin. -->","yoast_head_json":{"title":"VIZJA University in Warsaw","robots":{"index":"index","follow":"follow","max-snippet":"max-snippet:-1","max-image-preview":"max-image-preview:large","max-video-preview":"max-video-preview:-1"},"canonical":"https:\/\/vizja.pl\/en\/sjo\/","og_locale":"en_GB","og_type":"article","og_title":"Foreign Languages Department - VIZJA University in Warsaw","og_description":"1. Odbi\u00f3r certyfikat\u00f3w (w godz. urz\u0119dowania Biura Obs\u0142ugi Student\u00f3w) Certyfikaty mo\u017cna odbiera\u0107 w Dziale Dokumentacji\/Biurze Obs\u0142ugi Studenta po wcze\u015bniejszym um\u00f3wieniu si\u0119 na wizyt\u0119. 2. Sprawy indywidualne:\u00a0m.klepacz@vizja.pl 3. Organizacja lektorat\u00f3w na rok akademicki 2023\/2024 zosta\u0142a Pa\u0144stwu przedstawiona w systemie Extranet. 4. Zapisy na egzaminy Cambridge:\u00a0zapisy.sjo.vizja.pl 5. Zapisy na egzaminy WEK, poprawkowe, warunkowe:\u00a0egzaminy.sjo.vizja.pl ZAKRES MATERIA\u0141U &#8211; WEWN\u0118TRZNY [&hellip;]","og_url":"https:\/\/vizja.pl\/en\/sjo\/","og_site_name":"VIZJA University in Warsaw","article_modified_time":"2026-01-30T12:13:53+00:00","twitter_card":"summary_large_image","twitter_misc":{"Estimated reading time":"1 minute"},"schema":{"@context":"https:\/\/schema.org","@graph":[{"@type":"WebPage","@id":"https:\/\/vizja.pl\/en\/sjo\/","url":"https:\/\/vizja.pl\/en\/sjo\/","name":"Foreign Languages Department - VIZJA University in Warsaw","isPartOf":{"@id":"https:\/\/vizja.pl\/en\/#website"},"datePublished":"2024-01-12T16:21:31+00:00","dateModified":"2026-01-30T12:13:53+00:00","breadcrumb":{"@id":"https:\/\/vizja.pl\/en\/sjo\/#breadcrumb"},"inLanguage":"en-GB","potentialAction":[{"@type":"ReadAction","target":["https:\/\/vizja.pl\/en\/sjo\/"]}]},{"@type":"BreadcrumbList","@id":"https:\/\/vizja.pl\/en\/sjo\/#breadcrumb","itemListElement":[{"@type":"ListItem","position":1,"name":"Strona g\u0142\u00f3wna","item":"https:\/\/vizja.pl\/en\/"},{"@type":"ListItem","position":2,"name":"Foreign Languages Department"}]},{"@type":"WebSite","@id":"https:\/\/vizja.pl\/en\/#website","url":"https:\/\/vizja.pl\/en\/","name":"VIZJA University in Warsaw","description":"","potentialAction":[{"@type":"SearchAction","target":{"@type":"EntryPoint","urlTemplate":"https:\/\/vizja.pl\/en\/?s={search_term_string}"},"query-input":"required name=search_term_string"}],"inLanguage":"en-GB"}]}},"acf":[],"_links":{"self":[{"href":"https:\/\/vizja.pl\/en\/wp-json\/wp\/v2\/pages\/257195"}],"collection":[{"href":"https:\/\/vizja.pl\/en\/wp-json\/wp\/v2\/pages"}],"about":[{"href":"https:\/\/vizja.pl\/en\/wp-json\/wp\/v2\/types\/page"}],"author":[{"embeddable":true,"href":"https:\/\/vizja.pl\/en\/wp-json\/wp\/v2\/users\/42"}],"replies":[{"embeddable":true,"href":"https:\/\/vizja.pl\/en\/wp-json\/wp\/v2\/comments?post=257195"}],"version-history":[{"count":63,"href":"https:\/\/vizja.pl\/en\/wp-json\/wp\/v2\/pages\/257195\/revisions"}],"predecessor-version":[{"id":267723,"href":"https:\/\/vizja.pl\/en\/wp-json\/wp\/v2\/pages\/257195\/revisions\/267723"}],"wp:attachment":[{"href":"https:\/\/vizja.pl\/en\/wp-json\/wp\/v2\/media?parent=257195"}],"curies":[{"name":"wp","href":"https:\/\/api.w.org\/{rel}","templated":true}]}}